{"id":1092,"date":"2024-04-18T19:15:46","date_gmt":"2024-04-18T19:15:46","guid":{"rendered":"https:\/\/invest.oaxaca.gob.mx\/?page_id=1092"},"modified":"2024-04-19T17:19:55","modified_gmt":"2024-04-19T17:19:55","slug":"aviso-de-privacidad-integral","status":"publish","type":"page","link":"https:\/\/invest.oaxaca.gob.mx\/index.php\/aviso-de-privacidad-integral\/","title":{"rendered":"AVISO DE PRIVACIDAD INTEGRAL"},"content":{"rendered":"\n<p><strong>La Secretar\u00eda de Desarrollo Econ\u00f3mico del Estado de Oaxaca<\/strong>, a trav\u00e9s de sus diversas \u00e1reas administrativas, es la Responsable del tratamiento, uso y protecci\u00f3n de datos personales recabados por medio de los tramites o servicios que Usted realice por medios f\u00edsicos o electr\u00f3nicos; los cuales<br>ser\u00e1n protegidos conforme a los principios rectores en materia de protecci\u00f3n de datos personales licitud, finalidad, lealtad, consentimiento,<br>calidad, proporcionalidad, informaci\u00f3n y responsabilidad de conformidad con lo dispuesto por la Ley de Protecci\u00f3n de Datos Personales en<br>Posesi\u00f3n de Sujetos Obligados del Estado de Oaxaca, y dem\u00e1s normatividad que resulte aplicable. La cual tiene su domicilio en Ciudad<br>Administrativa Edificio 5\u201d Porfirio D\u00edaz\u201d Nivel 1, Carretera Internacional Oaxaca-Istmo, Km 11.5 Tlalixtac de Cabrera, Oaxaca.<br><strong>\u00bfQU\u00c9 DATOS PERSONALES SE RECABAN Y PARA QU\u00c9<br>FINALIDADES?<br><\/strong>Los datos personales que Usted proporcione ser\u00e1n utilizados para las siguientes finalidades: tr\u00e1mite y substanciaci\u00f3n de<br>cualquier medio de impugnaci\u00f3n del que sea parte; verificar y confirmar su identidad, as\u00ed como la autenticidad de la informaci\u00f3n que nos<br>proporciona para contar con un registro que permita brindar de manera m\u00e1s efectiva los tramites y servicios que se solicitan, integrar el padr\u00f3n<br>\u00fanico de beneficiarios, realizaci\u00f3n de los tramites y servicios que genera la Secretar\u00eda, contar con el registro de tr\u00e1mite a solicitud de<br>capacitaci\u00f3n y\/o asesor\u00eda, registros de asistencia a eventos de capacitaci\u00f3n, talleres, conferencias, establecer contacto para agendar y confirmar<br>los cursos de capacitaci\u00f3n, enviar informaci\u00f3n de los eventos de la Secretar\u00eda de Desarrollo Econ\u00f3mico, generar constancias; para dar tr\u00e1mite a su<br>queja y\/o denuncia por incumplimiento contra los servidores p\u00fablicos de la Secretar\u00eda de Desarrollo Econ\u00f3mico; as\u00ed como para documentar la firma<br>de convenios y contratos.<br>Para las finalidades anteriores se solicitar\u00e1n los siguientes datos:<br><strong>Tr\u00e1mite de medios de impugnaci\u00f3n:<\/strong> Nombre completo , correo electr\u00f3nico y\/o domicilio para recibir notificaciones.<br><strong>verificar y confirmar su identidad, as\u00ed como la autenticidad de la informaci\u00f3n que nos proporciona para contar con un registro que permita<br>brindar de manera m\u00e1s efectiva los tramites y servicios que se solicitan:<\/strong> Nombre completo n\u00famero telef\u00f3nico, domicilio, RFC, CURP, g\u00e9nero fecha<br>de nacimiento y edad.<br><strong>Padr\u00f3n \u00fanico de beneficiarios:<\/strong> Nombre completo, n\u00famero telef\u00f3nico, domicilio, RFC, CURP, g\u00e9nero, fecha de nacimiento, estado civil, edad, estado de nacimiento, si habla alguna lengua ind\u00edgena y enfoque intercultural.<br><strong>Tramites y servicios<\/strong>: Nombre completo, n\u00famero telef\u00f3nico, correo electr\u00f3nico y firma.<br>Tr\u00e1mite a solicitud de capacitaci\u00f3n y\/o asesor\u00eda : Nombre completo, n\u00famero telef\u00f3nico, correo electr\u00f3nico.<br><strong>Convenios y contratos:<\/strong> Domicilio particular, RFC, CURP, datos generales de identificaci\u00f3n, rubrica y firma.<br><strong>Generar constancias:<\/strong> Nombre completo, correo electr\u00f3nico y n\u00famero telef\u00f3nico.<br><strong>Presentar queja o denuncia:<\/strong> Nombre completo, domicilio, correo electr\u00f3nico, n\u00famero telef\u00f3nico y firma.<br><strong>Registro de asistentes a capacitaci\u00f3n, eventos, talleres, conferencias y difusi\u00f3n de actividades de capacitaci\u00f3n:<\/strong> nombre completo, n\u00famero telef\u00f3nico, g\u00e9nero, grupo \u00e9tnico, si habla alguna lengua ind\u00edgena y firma.<br>Los datos personales sensibles como grupo \u00e9tnico y lengua ind\u00edgena ser\u00e1n tratados \u00fanicamente con la finalidad de generar estad\u00edsticas.<\/p>\n\n\n\n<p><br><strong>TRANSFERENCIA DE DATOS PERSONALES<\/strong><br>Los datos personales s\u00f3lo ser\u00e1n transferidos a terceros en lo que a disposici\u00f3n legal establezcan o cuando el titular de los datos personales lo<br>autorice, salvo las excepciones previstas en los art\u00edculos 22, 66 y 70 de la Ley General de Protecci\u00f3n de Datos Personales en Posesi\u00f3n de Sujetos<br>Obligados y el art\u00edculo 62 de la Ley de Protecci\u00f3n de Datos Personales en Posesi\u00f3n de Sujetos Obligados del Estado de Oaxaca.<\/p>\n\n\n\n<p><br><strong>FUNDAMENTO PARA EL TRATAMIENTO DE DATOS PERSONALES<\/strong><br>El fundamento para el tratamiento de los datos personales son los art\u00edculos 16,17,18,21,23, 25 y 26 de la Ley General de Protecci\u00f3n de Datos<br>Personales en Posesi\u00f3n de Sujetos Obligados; 116 y 120 de la Ley General de Transparencia y Acceso a la Informaci\u00f3n P\u00fablica 09, 10, 11,<br>14,16,17,18 y 19 de la Ley de Protecci\u00f3n de Datos Personales en Posesi\u00f3n de Sujetos Obligados del Estado de Oaxaca;61, 62 y 63 de la Ley de<br>Transparencia, Acceso a la Informaci\u00f3n P\u00fablica y Buen Gobierno para el Estado de Oaxaca.<\/p>\n\n\n\n<p><br><strong>\u00bfD\u00d3NDE SE PUEDEN EJERCER LOS DERECHOS DE ACCESO, CORRECCI\u00d3N\/RECTIFICACI\u00d3N, CANCELACI\u00d3N U OPOSICI\u00d3N DE DATOS PERSONALES (DERECHOS ARCO)?<\/strong><br>Usted podr\u00e1 ejercer sus derechos de acceso, rectificaci\u00f3n, cancelaci\u00f3n y oposici\u00f3n (ARCO) ante la Unidad de Transparencia de esta Secretar\u00eda<br>ubicada en Ciudad Administrativa Edificio 5\u201d Porfirio D\u00edaz\u201d Nivel 1, Carretera Internacional Oaxaca-Istmo, Km 11.5 Tlalixtac de Cabrera, Oaxaca;<br>C\u00f3digo Postal 68270, o a trav\u00e9s de la Plataforma Nacional de Transparencia <a href=\"http:\/\/www.plataformadetransparencia.org.mx\/\" data-type=\"link\" data-id=\"http:\/\/www.plataformadetransparencia.org.mx\/\">(http:\/\/www.plataformadetransparencia.org.mx\/)<\/a>, y\/o al correo<br>electr\u00f3nico: transparencia.sedeco@oaxaca.gob.mx y a los tel\u00e9fonos 501-5000 ext. 12258 y 12273, de lunes a viernes de 9:00 a 16:00 horas en d\u00edas<br>h\u00e1biles.<\/p>\n\n\n\n<p><br><strong>CAMBIOS AL AVISO DE PRIVACIDAD<\/strong><br>En caso de que exista un cambio de este aviso de privacidad, lo haremos de su conocimiento en nuestro portal de Internet<br><a href=\"https:\/\/www.oaxaca.gob.mx\/sedeco\">https:\/\/www.oaxaca.gob.mx\/sedeco<\/a> . Lo anterior se informa en cumplimiento a lo dispuesto en los art\u00edculos 68, fracci\u00f3n III de la Ley General de<br>Transparencia y Acceso a la Informaci\u00f3n P\u00fablica, 30 fracci\u00f3n II de la Ley General de Protecci\u00f3n de Datos Personales en Posesi\u00f3n de Sujetos<br>Obligados, 1\u00b0 y 3\u00b0 fracci\u00f3n I de la Ley de Protecci\u00f3n de Datos Personales en Posesi\u00f3n de Sujetos Obligados del Estado de Oaxaca.<\/p>\n","protected":false},"excerpt":{"rendered":"<p>La Secretar\u00eda de Desarrollo Econ\u00f3mico del Estado de Oaxaca, a trav\u00e9s de sus diversas \u00e1reas administrativas, es la Responsable del tratamiento, uso y protecci\u00f3n de datos personales recabados por medio de los tramites o servicios que Usted realice por medios f\u00edsicos o electr\u00f3nicos; los cualesser\u00e1n protegidos conforme a los principios rectores en materia de protecci\u00f3n [&hellip;]<\/p>\n","protected":false},"author":5,"featured_media":0,"parent":0,"menu_order":0,"comment_status":"closed","ping_status":"closed","template":"","meta":{"footnotes":""},"_links":{"self":[{"href":"https:\/\/invest.oaxaca.gob.mx\/index.php\/wp-json\/wp\/v2\/pages\/1092"}],"collection":[{"href":"https:\/\/invest.oaxaca.gob.mx\/index.php\/wp-json\/wp\/v2\/pages"}],"about":[{"href":"https:\/\/invest.oaxaca.gob.mx\/index.php\/wp-json\/wp\/v2\/types\/page"}],"author":[{"embeddable":true,"href":"https:\/\/invest.oaxaca.gob.mx\/index.php\/wp-json\/wp\/v2\/users\/5"}],"replies":[{"embeddable":true,"href":"https:\/\/invest.oaxaca.gob.mx\/index.php\/wp-json\/wp\/v2\/comments?post=1092"}],"version-history":[{"count":5,"href":"https:\/\/invest.oaxaca.gob.mx\/index.php\/wp-json\/wp\/v2\/pages\/1092\/revisions"}],"predecessor-version":[{"id":1209,"href":"https:\/\/invest.oaxaca.gob.mx\/index.php\/wp-json\/wp\/v2\/pages\/1092\/revisions\/1209"}],"wp:attachment":[{"href":"https:\/\/invest.oaxaca.gob.mx\/index.php\/wp-json\/wp\/v2\/media?parent=1092"}],"curies":[{"name":"wp","href":"https:\/\/api.w.org\/{rel}","templated":true}]}}